{"id":21,"date":"2024-11-07T11:03:21","date_gmt":"2024-11-07T11:03:21","guid":{"rendered":"https:\/\/angar49a.webs.upv.es\/?page_id=21"},"modified":"2024-11-07T11:08:05","modified_gmt":"2024-11-07T11:08:05","slug":"carrera-investigadora-en-espana","status":"publish","type":"page","link":"https:\/\/angar49a.webs.upv.es\/?page_id=21","title":{"rendered":"Carrera investigadora en Espa\u00f1a"},"content":{"rendered":"\n<p>Desde hace unos a\u00f1os la Fundaci\u00f3n para la Ciencia y la Tecnolog\u00eda (FECYT) publica un documento informativo donde se recogen las distintas ayudas y convocatorias que se pueden solicitar para financiar diferentes posiciones a lo largo de la carrera investigadora (R1-R4), tanto docentes como investigadoras.<\/p>\n\n\n\n<p><\/p>\n\n\n\n<div class=\"wp-block-buttons is-layout-flex wp-block-buttons-is-layout-flex\">\n<div class=\"wp-block-button\"><a class=\"wp-block-button__link wp-element-button\" href=\"https:\/\/www.fecyt.es\/es\/publicacion\/researcher-career-path-spain-glance-7th-edition\">Research Career path in Spain at a glance! (7th edition)<\/a><\/div>\n<\/div>\n\n\n\n<p><\/p>\n","protected":false},"excerpt":{"rendered":"<p>Desde hace unos a\u00f1os la Fundaci\u00f3n para la Ciencia y la Tecnolog\u00eda (FECYT) publica un documento informativo donde se recogen las distintas ayudas y convocatorias que se pueden solicitar para financiar diferentes posiciones a lo largo de la carrera investigadora (R1-R4), tanto docentes como investigadoras.<\/p>\n","protected":false},"author":1,"featured_media":0,"parent":9,"menu_order":0,"comment_status":"closed","ping_status":"closed","template":"","meta":{"footnotes":""},"class_list":["post-21","page","type-page","status-publish","hentry"],"_links":{"self":[{"href":"https:\/\/angar49a.webs.upv.es\/index.php?rest_route=\/wp\/v2\/pages\/21","targetHints":{"allow":["GET"]}}],"collection":[{"href":"https:\/\/angar49a.webs.upv.es\/index.php?rest_route=\/wp\/v2\/pages"}],"about":[{"href":"https:\/\/angar49a.webs.upv.es\/index.php?rest_route=\/wp\/v2\/types\/page"}],"author":[{"embeddable":true,"href":"https:\/\/angar49a.webs.upv.es\/index.php?rest_route=\/wp\/v2\/users\/1"}],"replies":[{"embeddable":true,"href":"https:\/\/angar49a.webs.upv.es\/index.php?rest_route=%2Fwp%2Fv2%2Fcomments&post=21"}],"version-history":[{"count":1,"href":"https:\/\/angar49a.webs.upv.es\/index.php?rest_route=\/wp\/v2\/pages\/21\/revisions"}],"predecessor-version":[{"id":22,"href":"https:\/\/angar49a.webs.upv.es\/index.php?rest_route=\/wp\/v2\/pages\/21\/revisions\/22"}],"up":[{"embeddable":true,"href":"https:\/\/angar49a.webs.upv.es\/index.php?rest_route=\/wp\/v2\/pages\/9"}],"wp:attachment":[{"href":"https:\/\/angar49a.webs.upv.es\/index.php?rest_route=%2Fwp%2Fv2%2Fmedia&parent=21"}],"curies":[{"name":"wp","href":"https:\/\/api.w.org\/{rel}","templated":true}]}}