{"id":25,"date":"2024-11-07T11:12:48","date_gmt":"2024-11-07T11:12:48","guid":{"rendered":"https:\/\/angar49a.webs.upv.es\/?page_id=25"},"modified":"2024-11-07T11:14:03","modified_gmt":"2024-11-07T11:14:03","slug":"politica-otm-r-de-la-upv","status":"publish","type":"page","link":"https:\/\/angar49a.webs.upv.es\/?page_id=25","title":{"rendered":"Pol\u00edtica OTM-R de la UPV"},"content":{"rendered":"\n<p>La pol\u00edtica de contrataci\u00f3n Abierta, Transparente y Basada en el M\u00e9rito, conocida por sus siglas en ingl\u00e9s OTM-R (Open, Transparent and Merit-Based Recruitment), es uno de los pilares de la <a href=\"https:\/\/euraxess.ec.europa.eu\/jobs\/charter\/european-charter\">Carta Europea de Investigadores<\/a> y en particular del <a href=\"https:\/\/euraxess.ec.europa.eu\/jobs\/charter\/code\">C\u00f3digo de Conducta para la Contrataci\u00f3n de Investigadores<\/a>.<\/p>\n\n\n\n<p>La Universitat Polit\u00e8cnica de Val\u00e8ncia (UPV) tiene un compromiso firme con los est\u00e1ndares de la Carta y el C\u00f3digo, a los que se adhiri\u00f3 en julio de 2014, y prueba de ello es que entr\u00f3 en 2019 en el proceso oficial para la obtenci\u00f3n del sello \u201cHR Excellence in Research Award\u201d(HRS4R) que obtuvo finalmente en 2020.<\/p>\n\n\n\n<p>Se puede consultar el enlace a la Pol\u00edtica OTM-R de la Universitat a continuaci\u00f3n.<\/p>\n\n\n\n<p><\/p>\n","protected":false},"excerpt":{"rendered":"<p>La pol\u00edtica de contrataci\u00f3n Abierta, Transparente y Basada en el M\u00e9rito, conocida por sus siglas en ingl\u00e9s OTM-R (Open, Transparent and Merit-Based Recruitment), es uno de los pilares de la Carta Europea de Investigadores y en particular del C\u00f3digo de Conducta para la Contrataci\u00f3n de Investigadores. La Universitat Polit\u00e8cnica de Val\u00e8ncia (UPV) tiene un compromiso [&hellip;]<\/p>\n","protected":false},"author":1,"featured_media":0,"parent":9,"menu_order":2,"comment_status":"closed","ping_status":"closed","template":"","meta":{"footnotes":""},"class_list":["post-25","page","type-page","status-publish","hentry"],"_links":{"self":[{"href":"https:\/\/angar49a.webs.upv.es\/index.php?rest_route=\/wp\/v2\/pages\/25","targetHints":{"allow":["GET"]}}],"collection":[{"href":"https:\/\/angar49a.webs.upv.es\/index.php?rest_route=\/wp\/v2\/pages"}],"about":[{"href":"https:\/\/angar49a.webs.upv.es\/index.php?rest_route=\/wp\/v2\/types\/page"}],"author":[{"embeddable":true,"href":"https:\/\/angar49a.webs.upv.es\/index.php?rest_route=\/wp\/v2\/users\/1"}],"replies":[{"embeddable":true,"href":"https:\/\/angar49a.webs.upv.es\/index.php?rest_route=%2Fwp%2Fv2%2Fcomments&post=25"}],"version-history":[{"count":1,"href":"https:\/\/angar49a.webs.upv.es\/index.php?rest_route=\/wp\/v2\/pages\/25\/revisions"}],"predecessor-version":[{"id":26,"href":"https:\/\/angar49a.webs.upv.es\/index.php?rest_route=\/wp\/v2\/pages\/25\/revisions\/26"}],"up":[{"embeddable":true,"href":"https:\/\/angar49a.webs.upv.es\/index.php?rest_route=\/wp\/v2\/pages\/9"}],"wp:attachment":[{"href":"https:\/\/angar49a.webs.upv.es\/index.php?rest_route=%2Fwp%2Fv2%2Fmedia&parent=25"}],"curies":[{"name":"wp","href":"https:\/\/api.w.org\/{rel}","templated":true}]}}