{"id":27,"date":"2024-11-07T11:38:58","date_gmt":"2024-11-07T11:38:58","guid":{"rendered":"https:\/\/angar49a.webs.upv.es\/?page_id=27"},"modified":"2024-11-07T11:38:58","modified_gmt":"2024-11-07T11:38:58","slug":"contratos-ley-de-ciencia-tecnologia-e-innovacion","status":"publish","type":"page","link":"https:\/\/angar49a.webs.upv.es\/?page_id=27","title":{"rendered":"Contratos Ley de Ciencia, Tecnolog\u00eda e Innovaci\u00f3n"},"content":{"rendered":"\n<p>La contrataci\u00f3n como investigador o investigadora en la Universitat Polit\u00e8cnica de Val\u00e8ncia puede financiarse con diferentes programas europeos, nacionales, auton\u00f3micos y privados. Dependiendo del programa de financiaci\u00f3n, las caracter\u00edsticas del contrato atienden a lo establecido en la Ley 14\/2011, de 1 de junio, de la Ciencia, la Tecnolog\u00eda y la Innovaci\u00f3n (en la redacci\u00f3n dada por la Ley 17\/2022, de 5 de septiembre) seg\u00fan el tipo de figura que financie (predoctoral, postdoctoral, investigador distinguido).<\/p>\n\n\n\n<p>Sin embargo, a pesar de las diferencias que puedan presentar los contratos cient\u00edficos debido a que regulan diferentes posiciones, todos tienen en com\u00fan su adecuaci\u00f3n a la Carta Europea del Investigador y al C\u00f3digo de Conducta para la Contrataci\u00f3n de Investigadores.<\/p>\n\n\n\n<p><\/p>\n\n\n\n<div class=\"wp-block-buttons is-layout-flex wp-block-buttons-is-layout-flex\">\n<div class=\"wp-block-button\"><a class=\"wp-block-button__link wp-element-button\">Art\u00edculo 21<\/a><\/div>\n\n\n\n<div class=\"wp-block-button\"><a class=\"wp-block-button__link wp-element-button\">Art\u00edculo 22<\/a><\/div>\n\n\n\n<div class=\"wp-block-button\"><a class=\"wp-block-button__link wp-element-button\">Art\u00edculo 23<\/a><\/div>\n\n\n\n<div class=\"wp-block-button\"><a class=\"wp-block-button__link wp-element-button\">Art\u00edculo 23bis<\/a><\/div>\n<\/div>\n","protected":false},"excerpt":{"rendered":"<p>La contrataci\u00f3n como investigador o investigadora en la Universitat Polit\u00e8cnica de Val\u00e8ncia puede financiarse con diferentes programas europeos, nacionales, auton\u00f3micos y privados. Dependiendo del programa de financiaci\u00f3n, las caracter\u00edsticas del contrato atienden a lo establecido en la Ley 14\/2011, de 1 de junio, de la Ciencia, la Tecnolog\u00eda y la Innovaci\u00f3n (en la redacci\u00f3n dada [&hellip;]<\/p>\n","protected":false},"author":1,"featured_media":0,"parent":9,"menu_order":3,"comment_status":"closed","ping_status":"closed","template":"","meta":{"footnotes":""},"class_list":["post-27","page","type-page","status-publish","hentry"],"_links":{"self":[{"href":"https:\/\/angar49a.webs.upv.es\/index.php?rest_route=\/wp\/v2\/pages\/27","targetHints":{"allow":["GET"]}}],"collection":[{"href":"https:\/\/angar49a.webs.upv.es\/index.php?rest_route=\/wp\/v2\/pages"}],"about":[{"href":"https:\/\/angar49a.webs.upv.es\/index.php?rest_route=\/wp\/v2\/types\/page"}],"author":[{"embeddable":true,"href":"https:\/\/angar49a.webs.upv.es\/index.php?rest_route=\/wp\/v2\/users\/1"}],"replies":[{"embeddable":true,"href":"https:\/\/angar49a.webs.upv.es\/index.php?rest_route=%2Fwp%2Fv2%2Fcomments&post=27"}],"version-history":[{"count":2,"href":"https:\/\/angar49a.webs.upv.es\/index.php?rest_route=\/wp\/v2\/pages\/27\/revisions"}],"predecessor-version":[{"id":30,"href":"https:\/\/angar49a.webs.upv.es\/index.php?rest_route=\/wp\/v2\/pages\/27\/revisions\/30"}],"up":[{"embeddable":true,"href":"https:\/\/angar49a.webs.upv.es\/index.php?rest_route=\/wp\/v2\/pages\/9"}],"wp:attachment":[{"href":"https:\/\/angar49a.webs.upv.es\/index.php?rest_route=%2Fwp%2Fv2%2Fmedia&parent=27"}],"curies":[{"name":"wp","href":"https:\/\/api.w.org\/{rel}","templated":true}]}}