{"id":31,"date":"2024-11-07T13:57:20","date_gmt":"2024-11-07T13:57:20","guid":{"rendered":"https:\/\/angar49a.webs.upv.es\/?page_id=31"},"modified":"2024-11-08T11:18:15","modified_gmt":"2024-11-08T11:18:15","slug":"articulo-21-de-la-lcti","status":"publish","type":"page","link":"https:\/\/angar49a.webs.upv.es\/?page_id=31","title":{"rendered":"Art\u00edculo 21 de la LCTI"},"content":{"rendered":"\n<details class=\"wp-block-details is-layout-flow wp-block-details-is-layout-flow\"><summary>Caracter\u00edsticas generales<\/summary>\n<ul class=\"wp-block-list\">\n<li>Este tipo de contrato financia posiciones predoctorales (R1)<\/li>\n\n\n\n<li>Objetivo: realizar tareas de investigaci\u00f3n, en el \u00e1mbito de un proyecto espec\u00edfico y novedoso<\/li>\n\n\n\n<li>Orientaci\u00f3n postdoctoral (12 h m\u00e1x.)<\/li>\n\n\n\n<li>1-4 a\u00f1os: duraci\u00f3n determinada a tiempo completo<\/li>\n\n\n\n<li>Retribuci\u00f3n: no inferior al 56 % del salario fijado para las categor\u00edas equivalentes en los convenios colectivos de su \u00e1mbito durante los dos primeros a\u00f1os; 60 % durante el tercer a\u00f1o y 75 % durante el cuarto a\u00f1o<\/li>\n<\/ul>\n<\/details>\n\n\n\n<details class=\"wp-block-details is-layout-flow wp-block-details-is-layout-flow\"><summary>Programas de financiaci\u00f3n auton\u00f3micos<\/summary>\n<details class=\"wp-block-details is-layout-flow wp-block-details-is-layout-flow\"><summary><a href=\"https:\/\/ceice.gva.es\/es\/web\/ciencia\/convocatories_2024\/a-programa-i-d-i\/-\/asset_publisher\/KPvHaFLinshI\/content\/i.-subvenciones-para-la-contractaci%25C3%25B3n-de-personal-investigador-predoctoral?_com_liferay_asset_publisher_web_portlet_AssetPublisherPortlet_INSTANCE_KPvHaFLinshI_assetEntryId=375229740&amp;_com_liferay_asset_publisher_web_portlet_AssetPublisherPortlet_INSTANCE_KPvHaFLinshI_redirect=https%3A%2F%2Fceice.gva.es%2Fes%2Fweb%2Fciencia%2Fconvocatories_2024%2Fa-programa-i-d-i%3Fp_p_id%3Dcom_liferay_asset_publisher_web_portlet_AssetPublisherPortlet_INSTANCE_KPvHaFLinshI%26p_p_lifecycle%3D0%26p_p_state%3Dnormal%26p_p_mode%3Dview%26_com_liferay_asset_publisher_web_portlet_AssetPublisherPortlet_INSTANCE_KPvHaFLinshI_cur%3D0%26p_r_p_resetCur%3Dfalse%26_com_liferay_asset_publisher_web_portlet_AssetPublisherPortlet_INSTANCE_KPvHaFLinshI_assetEntryId%3D375229740\">Subvenciones para la contrataci\u00f3n de personal de personal investigador predoctoral<\/a> (CIACIF)<\/summary>\n<figure class=\"wp-block-table is-style-stripes\"><table><tbody><tr><td class=\"has-text-align-left\" data-align=\"left\"><strong><mark style=\"background-color:rgba(0, 0, 0, 0)\" class=\"has-inline-color has-primary-color\">Requisitos convocatoria<\/mark><\/strong><\/td><\/tr><tr><td class=\"has-text-align-left\" data-align=\"left\">Cumplir con los requisitos de acceso a un programa de doctorado<\/td><\/tr><tr><td class=\"has-text-align-left\" data-align=\"left\">4 a\u00f1os<\/td><\/tr><tr><td class=\"has-text-align-left\" data-align=\"left\">Salario bruto anual: 22.835 \u20ac &#8211; 29.765\u20ac<\/td><\/tr><tr><td class=\"has-text-align-left\" data-align=\"left\">Orientaci\u00f3n postdoctoral<\/td><\/tr><tr><td class=\"has-text-align-left\" data-align=\"left\">Nota media del grado ponderada:<br>&#8211; Ciencias Sociales y Jur\u00eddicas: 8,04<br>&#8211; Ingenier\u00eda y Arquitectura: 7,58<br>&#8211; Artes y Humanidades: 8,31<br>&#8211; Ciencias de la Salud: 8,05<br>&#8211; Ciencias: 8,02<\/td><\/tr><\/tbody><\/table><\/figure>\n<\/details>\n\n\n\n<details class=\"wp-block-details is-layout-flow wp-block-details-is-layout-flow\"><summary><a href=\"https:\/\/innoavi.es\/es\/promocion-del-talento-agentes-de-innovacion-incorporacion-de-tecnologos-en-empresas-y-doctorandos-empresariales-2023\/\">Doctorandos y doctorandas empresariales<\/a><\/summary><\/details>\n\n\n\n<details class=\"wp-block-details is-layout-flow wp-block-details-is-layout-flow\"><summary><a href=\"https:\/\/ceice.gva.es\/va\/web\/ciencia\/convocatories_2024\/a-programa-i-d-i\/-\/asset_publisher\/KPvHaFLinshI\/content\/iii.-subvenciones-del-programa-santiago-grisol%25C3%25ADa-2?_com_liferay_asset_publisher_web_portlet_AssetPublisherPortlet_INSTANCE_KPvHaFLinshI_assetEntryId=375371785&amp;_com_liferay_asset_publisher_web_portlet_AssetPublisherPortlet_INSTANCE_KPvHaFLinshI_redirect=https%3A%2F%2Fceice.gva.es%2Fca%2Fweb%2Fciencia%2Fconvocatories_2024%2Fa-programa-i-d-i%3Fp_p_id%3Dcom_liferay_asset_publisher_web_portlet_AssetPublisherPortlet_INSTANCE_KPvHaFLinshI%26p_p_lifecycle%3D0%26p_p_state%3Dnormal%26p_p_mode%3Dview%26_com_liferay_asset_publisher_web_portlet_AssetPublisherPortlet_INSTANCE_KPvHaFLinshI_cur%3D0%26p_r_p_resetCur%3Dfalse%26_com_liferay_asset_publisher_web_portlet_AssetPublisherPortlet_INSTANCE_KPvHaFLinshI_assetEntryId%3D375371785\">Programa Santiago Grisol\u00eda<\/a> (CIGRIS)<\/summary>\n<p><\/p>\n<\/details>\n<\/details>\n\n\n\n<details class=\"wp-block-details is-layout-flow wp-block-details-is-layout-flow\"><summary>Programas nacionales<\/summary>\n<details class=\"wp-block-details is-layout-flow wp-block-details-is-layout-flow\"><summary><a href=\"https:\/\/www.ciencia.gob.es\/Convocatorias\/2024\/FPU2023.html\">Formaci\u00f3n de Profesorado Universitario<\/a> (FPU)<\/summary><\/details>\n\n\n\n<details class=\"wp-block-details is-layout-flow wp-block-details-is-layout-flow\"><summary><a href=\"https:\/\/www.ciencia.gob.es\/Convocatorias\/2024\/FPU2023.html\">Convocatoria de selecci\u00f3n para contrataci\u00f3n de personal investigador en formaci\u00f3n, financiados por el programa \u201cProyectos generaci\u00f3n de conocimiento\u201d <\/a>\u00a0(FPI)<\/summary><\/details>\n\n\n\n<details class=\"wp-block-details is-layout-flow wp-block-details-is-layout-flow\"><summary><a href=\"https:\/\/www.aei.gob.es\/convocatorias\/buscador-convocatorias\/ayudas-contratos-formacion-doctores-doctoras-empresas-otras\">Ayudas para contratos para la formaci\u00f3n de doctores y doctoras en empresas y otras entidades<\/a><\/summary><\/details>\n<\/details>\n\n\n\n<details class=\"wp-block-details is-layout-flow wp-block-details-is-layout-flow\"><summary>Programas privados<\/summary>\n<details class=\"wp-block-details is-layout-flow wp-block-details-is-layout-flow\"><summary>La Caixa<\/summary>\n<details class=\"wp-block-details is-layout-flow wp-block-details-is-layout-flow\"><summary><a href=\"https:\/\/fundacionlacaixa.org\/es\/becas-doctorado-inphinit-convocatoria-retaining\">INPhINIT retaining<\/a><\/summary><\/details>\n\n\n\n<details class=\"wp-block-details is-layout-flow wp-block-details-is-layout-flow\"><summary><a href=\"https:\/\/fundacionlacaixa.org\/es\/becas-doctorado-inphinit-convocatoria-incoming\">INPhINIT incoming<\/a><\/summary>\n<p><\/p>\n<\/details>\n<\/details>\n<\/details>\n\n\n\n<details class=\"wp-block-details is-layout-flow wp-block-details-is-layout-flow\"><summary>Programas europeos<\/summary>\n<p><\/p>\n\n\n\n<details class=\"wp-block-details is-layout-flow wp-block-details-is-layout-flow\"><summary><a href=\"https:\/\/marie-sklodowska-curie-actions.ec.europa.eu\/news\/msca-opens-eu6086-million-call-for-doctoral-networks\">Marie Sk\u0142odowska-Curie Actions: Doctoral Networks<\/a><\/summary><\/details>\n\n\n\n<details class=\"wp-block-details is-layout-flow wp-block-details-is-layout-flow\"><summary><a href=\"https:\/\/marie-sklodowska-curie-actions.ec.europa.eu\/calls\/msca-cofund-2024\">Marie Sk\u0142odowska-Curie Actions: COFUND<\/a><\/summary>\n<p><\/p>\n<\/details>\n<\/details>\n","protected":false},"excerpt":{"rendered":"","protected":false},"author":1,"featured_media":0,"parent":27,"menu_order":0,"comment_status":"closed","ping_status":"closed","template":"","meta":{"footnotes":""},"class_list":["post-31","page","type-page","status-publish","hentry"],"_links":{"self":[{"href":"https:\/\/angar49a.webs.upv.es\/index.php?rest_route=\/wp\/v2\/pages\/31","targetHints":{"allow":["GET"]}}],"collection":[{"href":"https:\/\/angar49a.webs.upv.es\/index.php?rest_route=\/wp\/v2\/pages"}],"about":[{"href":"https:\/\/angar49a.webs.upv.es\/index.php?rest_route=\/wp\/v2\/types\/page"}],"author":[{"embeddable":true,"href":"https:\/\/angar49a.webs.upv.es\/index.php?rest_route=\/wp\/v2\/users\/1"}],"replies":[{"embeddable":true,"href":"https:\/\/angar49a.webs.upv.es\/index.php?rest_route=%2Fwp%2Fv2%2Fcomments&post=31"}],"version-history":[{"count":15,"href":"https:\/\/angar49a.webs.upv.es\/index.php?rest_route=\/wp\/v2\/pages\/31\/revisions"}],"predecessor-version":[{"id":46,"href":"https:\/\/angar49a.webs.upv.es\/index.php?rest_route=\/wp\/v2\/pages\/31\/revisions\/46"}],"up":[{"embeddable":true,"href":"https:\/\/angar49a.webs.upv.es\/index.php?rest_route=\/wp\/v2\/pages\/27"}],"wp:attachment":[{"href":"https:\/\/angar49a.webs.upv.es\/index.php?rest_route=%2Fwp%2Fv2%2Fmedia&parent=31"}],"curies":[{"name":"wp","href":"https:\/\/api.w.org\/{rel}","templated":true}]}}