{"id":9,"date":"2024-11-06T12:48:13","date_gmt":"2024-11-06T12:48:13","guid":{"rendered":"https:\/\/angar49a.webs.upv.es\/?page_id=9"},"modified":"2024-11-07T11:17:04","modified_gmt":"2024-11-07T11:17:04","slug":"personal-investigador-trabaja-con-nosotros","status":"publish","type":"page","link":"https:\/\/angar49a.webs.upv.es\/?page_id=9","title":{"rendered":"Personal investigador: Trabaja con nosotros"},"content":{"rendered":"\n<p>La Universitat Polit\u00e8cnica de Val\u00e8ncia (UPV) ofrece una amplia gama de servicios y herramientas dise\u00f1adas para fomentar el desarrollo profesional de los investigadores, facilitar la atracci\u00f3n y retenci\u00f3n de talento, y asegurar la excelencia en la producci\u00f3n cient\u00edfica.<\/p>\n\n\n\n<p><\/p>\n\n\n\n<p><\/p>\n\n\n\n<p><\/p>\n\n\n\n<div class=\"wp-block-buttons is-layout-flex wp-block-buttons-is-layout-flex\">\n<div class=\"wp-block-button\"><a class=\"wp-block-button__link wp-element-button\" href=\"https:\/\/angar49a.webs.upv.es\/?page_id=21\">Carrera investigadora en Espa\u00f1a<\/a><\/div>\n<\/div>\n\n\n\n<p><\/p>\n\n\n\n<div class=\"wp-block-buttons is-layout-flex wp-block-buttons-is-layout-flex\">\n<div class=\"wp-block-button\"><a class=\"wp-block-button__link wp-element-button\" href=\"https:\/\/angar49a.webs.upv.es\/?page_id=25\">Pol\u00edtica OTM-R de la UPV<\/a><\/div>\n<\/div>\n\n\n\n<p><\/p>\n\n\n\n<div class=\"wp-block-buttons is-layout-flex wp-block-buttons-is-layout-flex\">\n<div class=\"wp-block-button\"><a class=\"wp-block-button__link wp-element-button\">Contratos Ley de Ciencia, Tecnolog\u00eda e Innovaci\u00f3n<\/a><\/div>\n<\/div>\n\n\n\n<p><\/p>\n\n\n\n<div class=\"wp-block-buttons is-layout-flex wp-block-buttons-is-layout-flex\">\n<div class=\"wp-block-button\"><a class=\"wp-block-button__link wp-element-button\">Contrataci\u00f3n UPV<\/a><\/div>\n<\/div>\n\n\n\n<p><\/p>\n","protected":false},"excerpt":{"rendered":"<p>La Universitat Polit\u00e8cnica de Val\u00e8ncia (UPV) ofrece una amplia gama de servicios y herramientas dise\u00f1adas para fomentar el desarrollo profesional de los investigadores, facilitar la atracci\u00f3n y retenci\u00f3n de talento, y asegurar la excelencia en la producci\u00f3n cient\u00edfica.<\/p>\n","protected":false},"author":1,"featured_media":0,"parent":0,"menu_order":0,"comment_status":"closed","ping_status":"closed","template":"","meta":{"footnotes":""},"class_list":["post-9","page","type-page","status-publish","hentry"],"_links":{"self":[{"href":"https:\/\/angar49a.webs.upv.es\/index.php?rest_route=\/wp\/v2\/pages\/9","targetHints":{"allow":["GET"]}}],"collection":[{"href":"https:\/\/angar49a.webs.upv.es\/index.php?rest_route=\/wp\/v2\/pages"}],"about":[{"href":"https:\/\/angar49a.webs.upv.es\/index.php?rest_route=\/wp\/v2\/types\/page"}],"author":[{"embeddable":true,"href":"https:\/\/angar49a.webs.upv.es\/index.php?rest_route=\/wp\/v2\/users\/1"}],"replies":[{"embeddable":true,"href":"https:\/\/angar49a.webs.upv.es\/index.php?rest_route=%2Fwp%2Fv2%2Fcomments&post=9"}],"version-history":[{"count":5,"href":"https:\/\/angar49a.webs.upv.es\/index.php?rest_route=\/wp\/v2\/pages\/9\/revisions"}],"predecessor-version":[{"id":28,"href":"https:\/\/angar49a.webs.upv.es\/index.php?rest_route=\/wp\/v2\/pages\/9\/revisions\/28"}],"wp:attachment":[{"href":"https:\/\/angar49a.webs.upv.es\/index.php?rest_route=%2Fwp%2Fv2%2Fmedia&parent=9"}],"curies":[{"name":"wp","href":"https:\/\/api.w.org\/{rel}","templated":true}]}}